{"id":10,"date":"2025-12-15T01:31:44","date_gmt":"2025-12-15T01:31:44","guid":{"rendered":"https:\/\/resenhaboa.com.br\/?page_id=10"},"modified":"2025-12-15T01:54:27","modified_gmt":"2025-12-15T01:54:27","slug":"pagina-inicial","status":"publish","type":"page","link":"https:\/\/resenhaboa.com.br\/","title":{"rendered":"PAGINA INICIAL"},"content":{"rendered":"\t\t<div data-elementor-type=\"wp-page\" data-elementor-id=\"10\" class=\"elementor elementor-10\" data-elementor-post-type=\"page\">\n\t\t\t\t<div class=\"elementor-element elementor-element-1881847 e-con-full e-flex e-con e-parent\" data-id=\"1881847\" data-element_type=\"container\">\n\t\t\t\t<div class=\"elementor-element elementor-element-c7fbf9c elementor-grid-3 elementor-grid-tablet-2 elementor-grid-mobile-1 elementor-posts--thumbnail-top elementor-posts--show-avatar elementor-card-shadow-yes elementor-posts__hover-gradient elementor-widget elementor-widget-posts\" data-id=\"c7fbf9c\" data-element_type=\"widget\" data-settings=\"{&quot;cards_columns&quot;:&quot;3&quot;,&quot;cards_columns_tablet&quot;:&quot;2&quot;,&quot;cards_columns_mobile&quot;:&quot;1&quot;,&quot;cards_row_gap&quot;:{&quot;unit&quot;:&quot;px&quot;,&quot;size&quot;:35,&quot;sizes&quot;:[]},&quot;cards_row_gap_tablet&quot;:{&quot;unit&quot;:&quot;px&quot;,&quot;size&quot;:&quot;&quot;,&quot;sizes&quot;:[]},&quot;cards_row_gap_mobile&quot;:{&quot;unit&quot;:&quot;px&quot;,&quot;size&quot;:&quot;&quot;,&quot;sizes&quot;:[]}}\" data-widget_type=\"posts.cards\">\n\t\t\t\t<div class=\"elementor-widget-container\">\n\t\t\t\t\t\t\t<div class=\"elementor-posts-container elementor-posts elementor-posts--skin-cards elementor-grid\" role=\"list\">\n\t\t\t\t<article class=\"elementor-post elementor-grid-item post-1 post type-post status-publish format-standard has-post-thumbnail hentry category-uncategorized\" role=\"listitem\">\n\t\t\t<div class=\"elementor-post__card\">\n\t\t\t\t<a class=\"elementor-post__thumbnail__link\" href=\"https:\/\/resenhaboa.com.br\/?p=1\" tabindex=\"-1\" ><div class=\"elementor-post__thumbnail\"><img decoding=\"async\" width=\"300\" height=\"150\" src=\"https:\/\/resenhaboa.com.br\/wp-content\/uploads\/2025\/12\/1412-MATERIA-300x150.png\" class=\"attachment-medium size-medium wp-image-27\" alt=\"\" srcset=\"https:\/\/resenhaboa.com.br\/wp-content\/uploads\/2025\/12\/1412-MATERIA-300x150.png 300w, https:\/\/resenhaboa.com.br\/wp-content\/uploads\/2025\/12\/1412-MATERIA-768x384.png 768w, https:\/\/resenhaboa.com.br\/wp-content\/uploads\/2025\/12\/1412-MATERIA.png 800w\" sizes=\"(max-width: 300px) 100vw, 300px\" \/><\/div><\/a>\n\t\t\t\t<div class=\"elementor-post__badge\">Uncategorized<\/div>\n\t\t\t\t<div class=\"elementor-post__avatar\">\n\t\t\t<img alt='admin' src='https:\/\/secure.gravatar.com\/avatar\/0598392e017c85e0b9b0b55faf83cb2afad5fb42042d4e3b7c477069e4f1ac86?s=128&#038;d=mm&#038;r=g' srcset='https:\/\/secure.gravatar.com\/avatar\/0598392e017c85e0b9b0b55faf83cb2afad5fb42042d4e3b7c477069e4f1ac86?s=256&#038;d=mm&#038;r=g 2x' class='avatar avatar-128 photo' height='128' width='128' \/>\t\t<\/div>\n\t\t\t\t<div class=\"elementor-post__text\">\n\t\t\t\t<h3 class=\"elementor-post__title\">\n\t\t\t<a href=\"https:\/\/resenhaboa.com.br\/?p=1\" >\n\t\t\t\tSamsung Galaxy A16 (2025) \u00e9 bom? Comparativo com 5 modelos da mesma faixa de pre\u00e7o\t\t\t<\/a>\n\t\t<\/h3>\n\t\t\t\t<div class=\"elementor-post__excerpt\">\n\t\t\t<p>O Samsung Galaxy A16 chegou como um dos modelos mais procurados no segmento de entrada-intermedi\u00e1rio. Com 128 GB, 4 GB de RAM, c\u00e2mera de at\u00e9<\/p>\n\t\t<\/div>\n\t\t\n\t\t<a class=\"elementor-post__read-more\" href=\"https:\/\/resenhaboa.com.br\/?p=1\" aria-label=\"Read more about Samsung Galaxy A16 (2025) \u00e9 bom? Comparativo com 5 modelos da mesma faixa de pre\u00e7o\" tabindex=\"-1\" >\n\t\t\tRead More \u00bb\t\t<\/a>\n\n\t\t\t\t<\/div>\n\t\t\t\t<div class=\"elementor-post__meta-data\">\n\t\t\t\t\t<span class=\"elementor-post-date\">\n\t\t\tdezembro 14, 2025\t\t<\/span>\n\t\t\t\t<span class=\"elementor-post-avatar\">\n\t\t\t1 coment\u00e1rio\t\t<\/span>\n\t\t\t\t<\/div>\n\t\t\t\t\t<\/div>\n\t\t<\/article>\n\t\t\t\t<\/div>\n\t\t\n\t\t\t\t\t\t<\/div>\n\t\t\t\t<\/div>\n\t\t\t\t<\/div>\n\t\t\t\t<\/div>\n\t\t","protected":false},"excerpt":{"rendered":"","protected":false},"author":1,"featured_media":0,"parent":0,"menu_order":0,"comment_status":"closed","ping_status":"closed","template":"","meta":{"_bbp_topic_count":0,"_bbp_reply_count":0,"_bbp_total_topic_count":0,"_bbp_total_reply_count":0,"_bbp_voice_count":0,"_bbp_anonymous_reply_count":0,"_bbp_topic_count_hidden":0,"_bbp_reply_count_hidden":0,"_bbp_forum_subforum_count":0,"_uag_custom_page_level_css":"","_monsterinsights_skip_tracking":false,"_monsterinsights_sitenote_active":false,"_monsterinsights_sitenote_note":"","_monsterinsights_sitenote_category":0,"footnotes":""},"class_list":["post-10","page","type-page","status-publish","hentry"],"yoast_head":"<!-- This site is optimized with the Yoast SEO plugin v26.5 - https:\/\/yoast.com\/wordpress\/plugins\/seo\/ -->\n<title>PAGINA INICIAL - Resenha Boa<\/title>\n<meta name=\"robots\" content=\"index, follow, max-snippet:-1, max-image-preview:large, max-video-preview:-1\" \/>\n<link rel=\"canonical\" href=\"https:\/\/resenhaboa.com.br\/\" \/>\n<meta property=\"og:locale\" content=\"pt_BR\" \/>\n<meta property=\"og:type\" content=\"article\" \/>\n<meta property=\"og:title\" content=\"PAGINA INICIAL - Resenha Boa\" \/>\n<meta property=\"og:url\" content=\"https:\/\/resenhaboa.com.br\/\" \/>\n<meta property=\"og:site_name\" content=\"Resenha Boa\" \/>\n<meta property=\"article:modified_time\" content=\"2025-12-15T01:54:27+00:00\" \/>\n<meta name=\"twitter:card\" content=\"summary_large_image\" \/>\n<meta name=\"twitter:label1\" content=\"Est. tempo de leitura\" \/>\n\t<meta name=\"twitter:data1\" content=\"1 minuto\" \/>\n<script type=\"application\/ld+json\" class=\"yoast-schema-graph\">{\"@context\":\"https:\/\/schema.org\",\"@graph\":[{\"@type\":\"WebPage\",\"@id\":\"https:\/\/resenhaboa.com.br\/\",\"url\":\"https:\/\/resenhaboa.com.br\/\",\"name\":\"PAGINA INICIAL - Resenha Boa\",\"isPartOf\":{\"@id\":\"https:\/\/resenhaboa.com.br\/#website\"},\"datePublished\":\"2025-12-15T01:31:44+00:00\",\"dateModified\":\"2025-12-15T01:54:27+00:00\",\"breadcrumb\":{\"@id\":\"https:\/\/resenhaboa.com.br\/#breadcrumb\"},\"inLanguage\":\"pt-BR\",\"potentialAction\":[{\"@type\":\"ReadAction\",\"target\":[\"https:\/\/resenhaboa.com.br\/\"]}]},{\"@type\":\"BreadcrumbList\",\"@id\":\"https:\/\/resenhaboa.com.br\/#breadcrumb\",\"itemListElement\":[{\"@type\":\"ListItem\",\"position\":1,\"name\":\"In\u00edcio\",\"item\":\"https:\/\/resenhaboa.com.br\/\"},{\"@type\":\"ListItem\",\"position\":2,\"name\":\"PAGINA INICIAL\"}]},{\"@type\":\"WebSite\",\"@id\":\"https:\/\/resenhaboa.com.br\/#website\",\"url\":\"https:\/\/resenhaboa.com.br\/\",\"name\":\"Resenha Boa\",\"description\":\"\",\"potentialAction\":[{\"@type\":\"SearchAction\",\"target\":{\"@type\":\"EntryPoint\",\"urlTemplate\":\"https:\/\/resenhaboa.com.br\/?s={search_term_string}\"},\"query-input\":{\"@type\":\"PropertyValueSpecification\",\"valueRequired\":true,\"valueName\":\"search_term_string\"}}],\"inLanguage\":\"pt-BR\"}]}<\/script>\n<!-- \/ Yoast SEO plugin. -->","yoast_head_json":{"title":"PAGINA INICIAL - Resenha Boa","robots":{"index":"index","follow":"follow","max-snippet":"max-snippet:-1","max-image-preview":"max-image-preview:large","max-video-preview":"max-video-preview:-1"},"canonical":"https:\/\/resenhaboa.com.br\/","og_locale":"pt_BR","og_type":"article","og_title":"PAGINA INICIAL - Resenha Boa","og_url":"https:\/\/resenhaboa.com.br\/","og_site_name":"Resenha Boa","article_modified_time":"2025-12-15T01:54:27+00:00","twitter_card":"summary_large_image","twitter_misc":{"Est. tempo de leitura":"1 minuto"},"schema":{"@context":"https:\/\/schema.org","@graph":[{"@type":"WebPage","@id":"https:\/\/resenhaboa.com.br\/","url":"https:\/\/resenhaboa.com.br\/","name":"PAGINA INICIAL - Resenha Boa","isPartOf":{"@id":"https:\/\/resenhaboa.com.br\/#website"},"datePublished":"2025-12-15T01:31:44+00:00","dateModified":"2025-12-15T01:54:27+00:00","breadcrumb":{"@id":"https:\/\/resenhaboa.com.br\/#breadcrumb"},"inLanguage":"pt-BR","potentialAction":[{"@type":"ReadAction","target":["https:\/\/resenhaboa.com.br\/"]}]},{"@type":"BreadcrumbList","@id":"https:\/\/resenhaboa.com.br\/#breadcrumb","itemListElement":[{"@type":"ListItem","position":1,"name":"In\u00edcio","item":"https:\/\/resenhaboa.com.br\/"},{"@type":"ListItem","position":2,"name":"PAGINA INICIAL"}]},{"@type":"WebSite","@id":"https:\/\/resenhaboa.com.br\/#website","url":"https:\/\/resenhaboa.com.br\/","name":"Resenha Boa","description":"","potentialAction":[{"@type":"SearchAction","target":{"@type":"EntryPoint","urlTemplate":"https:\/\/resenhaboa.com.br\/?s={search_term_string}"},"query-input":{"@type":"PropertyValueSpecification","valueRequired":true,"valueName":"search_term_string"}}],"inLanguage":"pt-BR"}]}},"uagb_featured_image_src":{"full":false,"thumbnail":false,"medium":false,"medium_large":false,"large":false,"1536x1536":false,"2048x2048":false},"uagb_author_info":{"display_name":"admin","author_link":"https:\/\/resenhaboa.com.br\/?author=1"},"uagb_comment_info":0,"uagb_excerpt":null,"_links":{"self":[{"href":"https:\/\/resenhaboa.com.br\/index.php?rest_route=\/wp\/v2\/pages\/10","targetHints":{"allow":["GET"]}}],"collection":[{"href":"https:\/\/resenhaboa.com.br\/index.php?rest_route=\/wp\/v2\/pages"}],"about":[{"href":"https:\/\/resenhaboa.com.br\/index.php?rest_route=\/wp\/v2\/types\/page"}],"author":[{"embeddable":true,"href":"https:\/\/resenhaboa.com.br\/index.php?rest_route=\/wp\/v2\/users\/1"}],"replies":[{"embeddable":true,"href":"https:\/\/resenhaboa.com.br\/index.php?rest_route=%2Fwp%2Fv2%2Fcomments&post=10"}],"version-history":[{"count":7,"href":"https:\/\/resenhaboa.com.br\/index.php?rest_route=\/wp\/v2\/pages\/10\/revisions"}],"predecessor-version":[{"id":20,"href":"https:\/\/resenhaboa.com.br\/index.php?rest_route=\/wp\/v2\/pages\/10\/revisions\/20"}],"wp:attachment":[{"href":"https:\/\/resenhaboa.com.br\/index.php?rest_route=%2Fwp%2Fv2%2Fmedia&parent=10"}],"curies":[{"name":"wp","href":"https:\/\/api.w.org\/{rel}","templated":true}]}}